{"id":112,"date":"2020-12-17T19:14:17","date_gmt":"2020-12-17T18:14:17","guid":{"rendered":"https:\/\/fearghalmccartan.com\/?page_id=112"},"modified":"2023-09-30T14:56:25","modified_gmt":"2023-09-30T12:56:25","slug":"lessons","status":"publish","type":"page","link":"https:\/\/fearghalmccartan.com\/index.php\/lessons\/","title":{"rendered":"Le\u00e7ons \/ Lessons"},"content":{"rendered":"\n<p>Fearghal donne des cours particuliers de harpe celtique dans le bassin chamb\u00e9rien, en Chartreuse, ainsi qu&#8217;\u00e0 Aberdeen en Ecosse (lorsque cela est possible). Ses cours se font en face \u00e0 face ou en ligne.<\/p>\n\n\n\n<p class=\"has-text-color\" style=\"color:#81ed8a\">Fearghal gives private harp lessons in the Chamb\u00e9ry area, in Chartreuse, and  also in Aberdeen, Scotland (when possible). His classes take place face to face or online.<\/p>\n\n\n\n<p>Il organise \u00e9galement ponctuellement des stages, notamment au restaurant\/g\u00eete l&#8217;<a rel=\"noreferrer noopener\" href=\"https:\/\/herbetendre.fr\/\" target=\"_blank\">Herbe Tendre<\/a> \u00e0 St Pierre d&#8217;Entremont et \u00e0 l&#8217;<a rel=\"noreferrer noopener\" href=\"http:\/\/www.amtrad.net\/\" target=\"_blank\">AMTrad<\/a> (\u00e9cole de musique de Cognin).<\/p>\n\n\n\n<p class=\"has-text-color\" style=\"color:#81ed8a\">He also occasionally organises harp workshops, for instance at the restaurant\/guest house l&#8217;Herbe Tendre in St Pierre d&#8217;Entremont and with AMTrad (the music school in Cognin).<\/p>\n\n\n\n<p>Les prochains stages de harpe auront lieu le samedi 14 octobre 2023 toute la journ\u00e9e \u00e0 l&#8217;AMTrad, Cognin, et le dimanche 15 au matin en ligne dans le cadre de Harp Day:<\/p>\n\n\n\n<figure class=\"wp-block-image size-large\"><img loading=\"lazy\" decoding=\"async\" width=\"724\" height=\"1024\" src=\"https:\/\/fearghalmccartan.com\/wp-content\/uploads\/2023\/09\/Stages-harpe-Harp-Day-3-724x1024.jpg\" alt=\"\" class=\"wp-image-282\" srcset=\"https:\/\/fearghalmccartan.com\/wp-content\/uploads\/2023\/09\/Stages-harpe-Harp-Day-3-724x1024.jpg 724w, https:\/\/fearghalmccartan.com\/wp-content\/uploads\/2023\/09\/Stages-harpe-Harp-Day-3-212x300.jpg 212w, https:\/\/fearghalmccartan.com\/wp-content\/uploads\/2023\/09\/Stages-harpe-Harp-Day-3-768x1087.jpg 768w, https:\/\/fearghalmccartan.com\/wp-content\/uploads\/2023\/09\/Stages-harpe-Harp-Day-3-1085x1536.jpg 1085w, https:\/\/fearghalmccartan.com\/wp-content\/uploads\/2023\/09\/Stages-harpe-Harp-Day-3-1447x2048.jpg 1447w, https:\/\/fearghalmccartan.com\/wp-content\/uploads\/2023\/09\/Stages-harpe-Harp-Day-3-scaled.jpg 1809w\" sizes=\"(max-width: 724px) 100vw, 724px\" \/><\/figure>\n","protected":false},"excerpt":{"rendered":"<p>Fearghal donne des cours particuliers de harpe celtique dans le bassin chamb\u00e9rien, en Chartreuse, ainsi qu&#8217;\u00e0 Aberdeen en Ecosse (lorsque&hellip;<\/p>\n","protected":false},"author":1,"featured_media":0,"parent":0,"menu_order":0,"comment_status":"closed","ping_status":"closed","template":"","meta":{"footnotes":""},"_links":{"self":[{"href":"https:\/\/fearghalmccartan.com\/index.php\/wp-json\/wp\/v2\/pages\/112"}],"collection":[{"href":"https:\/\/fearghalmccartan.com\/index.php\/wp-json\/wp\/v2\/pages"}],"about":[{"href":"https:\/\/fearghalmccartan.com\/index.php\/wp-json\/wp\/v2\/types\/page"}],"author":[{"embeddable":true,"href":"https:\/\/fearghalmccartan.com\/index.php\/wp-json\/wp\/v2\/users\/1"}],"replies":[{"embeddable":true,"href":"https:\/\/fearghalmccartan.com\/index.php\/wp-json\/wp\/v2\/comments?post=112"}],"version-history":[{"count":21,"href":"https:\/\/fearghalmccartan.com\/index.php\/wp-json\/wp\/v2\/pages\/112\/revisions"}],"predecessor-version":[{"id":283,"href":"https:\/\/fearghalmccartan.com\/index.php\/wp-json\/wp\/v2\/pages\/112\/revisions\/283"}],"wp:attachment":[{"href":"https:\/\/fearghalmccartan.com\/index.php\/wp-json\/wp\/v2\/media?parent=112"}],"curies":[{"name":"wp","href":"https:\/\/api.w.org\/{rel}","templated":true}]}}