{"id":134,"date":"2020-12-17T20:13:30","date_gmt":"2020-12-17T19:13:30","guid":{"rendered":"https:\/\/fearghalmccartan.com\/?page_id=134"},"modified":"2023-10-04T21:12:25","modified_gmt":"2023-10-04T19:12:25","slug":"harp-day","status":"publish","type":"page","link":"https:\/\/fearghalmccartan.com\/index.php\/harp-day\/","title":{"rendered":"Harp Day &#8211; Edition Octobre 2023"},"content":{"rendered":"\n<p>\u00c0 l\u2019occasion de la Journ\u00e9e Internationale de la Harpe mise en place par <em><a rel=\"noreferrer noopener\" href=\"https:\/\/www.harpireland.ie\/\" target=\"_blank\">Cruit \u00c9ireann<\/a><\/em> en Irlande, Fearghal organise  dans le bassin chamb\u00e9rien depuis octobre 2018 des concerts et stages visant \u00e0 promouvoir la harpe sous ses styles musicaux vari\u00e9s (celtique, classique, traditionnel, blues et jazz). Pour la sixi\u00e8me ann\u00e9e cons\u00e9cutive, Fearghal collabore avec <a rel=\"noreferrer noopener\" href=\"https:\/\/tamsindearnley.co.uk\/collaborations.html\" target=\"_blank\">Tamsin Dearnley<\/a> pour faire d\u00e9couvrir cet instrument relativement peu connu en Savoie.<\/p>\n\n\n\n<p class=\"has-text-color\" style=\"color:#81ed8a\">On the occasion of International Harp Day set up by <em><a rel=\"noreferrer noopener\" href=\"https:\/\/www.harpireland.ie\/\" target=\"_blank\">Cruit \u00c9ireann<\/a><\/em> in Ireland, Fearghal has been organising events and workshops since October 2018 in order to promote the various musical styles of the harp (Celtic, classical, traditional, blues and jazz). For the sixth year in a row, Fearghal has been collaborating with <a rel=\"noreferrer noopener\" href=\"https:\/\/tamsindearnley.co.uk\/collaborations.html\" target=\"_blank\">Tamsin Dearnley<\/a> to make people discover this relatively little known instrument in the Savoie region.<\/p>\n\n\n\n<p>Voici les dates des prochains concerts Harp Day:<br>&#8211; Vendredi 13 octobre 2023 \u00e0 19:30 \u00e0 l&#8217;\u00e9glise de Challes-les-Eaux (73 190)<br>&#8211; Dimanche 15 octobre 2023 \u00e0 17:30 \u00e0 l&#8217;\u00e9glise de Cognin (73 160)<\/p>\n\n\n\n<p>Ces concerts sont accompagn\u00e9s de stages de harpe \u00e0 l&#8217;AMtrad le samedi 14 octobre toute la journ\u00e9e et le dimanche 15 au matin en ligne. Plus d&#8217;informations dans la rubrique &#8216;Le\u00e7ons&#8217;.<\/p>\n\n\n\n<figure class=\"wp-block-gallery columns-1 is-cropped wp-block-gallery-1 is-layout-flex wp-block-gallery-is-layout-flex\"><ul class=\"blocks-gallery-grid\"><li class=\"blocks-gallery-item\"><figure><img loading=\"lazy\" decoding=\"async\" width=\"938\" height=\"939\" src=\"https:\/\/fearghalmccartan.com\/wp-content\/uploads\/2020\/12\/Article-Dauphine_19-10-19-1.jpg\" alt=\"\" data-id=\"172\" data-full-url=\"https:\/\/fearghalmccartan.com\/wp-content\/uploads\/2020\/12\/Article-Dauphine_19-10-19-1.jpg\" data-link=\"https:\/\/fearghalmccartan.com\/?attachment_id=172\" class=\"wp-image-172\" srcset=\"https:\/\/fearghalmccartan.com\/wp-content\/uploads\/2020\/12\/Article-Dauphine_19-10-19-1.jpg 938w, https:\/\/fearghalmccartan.com\/wp-content\/uploads\/2020\/12\/Article-Dauphine_19-10-19-1-300x300.jpg 300w, https:\/\/fearghalmccartan.com\/wp-content\/uploads\/2020\/12\/Article-Dauphine_19-10-19-1-150x150.jpg 150w, https:\/\/fearghalmccartan.com\/wp-content\/uploads\/2020\/12\/Article-Dauphine_19-10-19-1-768x769.jpg 768w\" sizes=\"(max-width: 938px) 100vw, 938px\" \/><\/figure><\/li><\/ul><\/figure>\n\n\n\n<figure class=\"wp-block-gallery columns-1 is-cropped wp-block-gallery-2 is-layout-flex wp-block-gallery-is-layout-flex\"><ul class=\"blocks-gallery-grid\"><li class=\"blocks-gallery-item\"><figure><img loading=\"lazy\" decoding=\"async\" width=\"411\" height=\"867\" src=\"https:\/\/fearghalmccartan.com\/wp-content\/uploads\/2020\/12\/Article-Dauphine_23-10-19-3.jpg\" alt=\"\" data-id=\"175\" data-full-url=\"https:\/\/fearghalmccartan.com\/wp-content\/uploads\/2020\/12\/Article-Dauphine_23-10-19-3.jpg\" data-link=\"https:\/\/fearghalmccartan.com\/?attachment_id=175\" class=\"wp-image-175\" srcset=\"https:\/\/fearghalmccartan.com\/wp-content\/uploads\/2020\/12\/Article-Dauphine_23-10-19-3.jpg 411w, https:\/\/fearghalmccartan.com\/wp-content\/uploads\/2020\/12\/Article-Dauphine_23-10-19-3-142x300.jpg 142w\" sizes=\"(max-width: 411px) 100vw, 411px\" \/><\/figure><\/li><\/ul><\/figure>\n","protected":false},"excerpt":{"rendered":"<p>\u00c0 l\u2019occasion de la Journ\u00e9e Internationale de la Harpe mise en place par Cruit \u00c9ireann en Irlande, Fearghal organise dans&hellip;<\/p>\n","protected":false},"author":1,"featured_media":0,"parent":0,"menu_order":0,"comment_status":"closed","ping_status":"closed","template":"","meta":{"footnotes":""},"_links":{"self":[{"href":"https:\/\/fearghalmccartan.com\/index.php\/wp-json\/wp\/v2\/pages\/134"}],"collection":[{"href":"https:\/\/fearghalmccartan.com\/index.php\/wp-json\/wp\/v2\/pages"}],"about":[{"href":"https:\/\/fearghalmccartan.com\/index.php\/wp-json\/wp\/v2\/types\/page"}],"author":[{"embeddable":true,"href":"https:\/\/fearghalmccartan.com\/index.php\/wp-json\/wp\/v2\/users\/1"}],"replies":[{"embeddable":true,"href":"https:\/\/fearghalmccartan.com\/index.php\/wp-json\/wp\/v2\/comments?post=134"}],"version-history":[{"count":24,"href":"https:\/\/fearghalmccartan.com\/index.php\/wp-json\/wp\/v2\/pages\/134\/revisions"}],"predecessor-version":[{"id":284,"href":"https:\/\/fearghalmccartan.com\/index.php\/wp-json\/wp\/v2\/pages\/134\/revisions\/284"}],"wp:attachment":[{"href":"https:\/\/fearghalmccartan.com\/index.php\/wp-json\/wp\/v2\/media?parent=134"}],"curies":[{"name":"wp","href":"https:\/\/api.w.org\/{rel}","templated":true}]}}